{"id":227,"date":"2026-01-31T04:24:19","date_gmt":"2026-01-31T04:24:19","guid":{"rendered":"https:\/\/cluzman.com\/?page_id=227"},"modified":"2026-04-15T15:44:40","modified_gmt":"2026-04-15T15:44:40","slug":"autor","status":"publish","type":"page","link":"https:\/\/cluzman.com\/?page_id=227","title":{"rendered":"Autor"},"content":{"rendered":"\n<div class=\"wp-block-group alignfull is-layout-flow wp-block-group-is-layout-flow\">\n<div class=\"wp-block-group alignfull author-introduction-pattern is-style-default has-global-padding is-layout-constrained wp-container-core-group-is-layout-b34c8e1f wp-block-group-is-layout-constrained\" style=\"margin-top:0;margin-bottom:0;padding-top:var(--wp--preset--spacing--superbspacing-xxlarge);padding-right:var(--wp--preset--spacing--superbspacing-small);padding-bottom:var(--wp--preset--spacing--superbspacing-xxlarge);padding-left:var(--wp--preset--spacing--superbspacing-small)\">\n<div class=\"wp-block-group has-global-padding is-layout-constrained wp-container-core-group-is-layout-92ef7b19 wp-block-group-is-layout-constrained\">\n<pre class=\"wp-block-preformatted has-superbfont-small-font-size\">A partir de hoy, el viaje debe acelerarse; no por prisa, sino por una urgencia del otro yo que comprende que el tiempo es el \u00fanico recurso que no admite devoluciones. Ser\u00e1n, de ahora en adelante,&nbsp;visitas r\u00e1pidas pero memorables, donde la calidad del asombro pese m\u00e1s que la cantidad de los kil\u00f3metros.<\/pre>\n\n\n\n<pre class=\"wp-block-preformatted\">Se suelta los accesorios para sostener \u00fanicamente lo esencial. Por eso, aqu\u00ed dejo escrito lo que es posible publicar.<\/pre>\n\n\n\n<pre class=\"wp-block-preformatted\">Entre im\u00e1genes y notas, habitan historias que ya no temen ser le\u00eddas.<\/pre>\n\n\n\n<pre class=\"wp-block-preformatted has-superbfont-small-font-size\">Lima via DC. \u00a0<br>Nada m\u00e1s, y nada menos.<\/pre>\n\n\n\n<div class=\"wp-block-group is-nowrap is-layout-flex wp-container-core-group-is-layout-89278a15 wp-block-group-is-layout-flex\" style=\"margin-top:0;margin-bottom:0;padding-top:var(--wp--preset--spacing--superbspacing-small);padding-bottom:0\">\n<figure class=\"wp-block-image aligncenter size-large is-resized has-custom-border\"><img loading=\"lazy\" decoding=\"async\" width=\"471\" height=\"1024\" src=\"https:\/\/cluzman.com\/wp-content\/uploads\/2025\/12\/b1-471x1024.jpg\" alt=\"\" class=\"wp-image-12\" style=\"border-radius:50%;aspect-ratio:1;object-fit:cover;width:80px;height:77px\" srcset=\"https:\/\/cluzman.com\/wp-content\/uploads\/2025\/12\/b1-471x1024.jpg 471w, https:\/\/cluzman.com\/wp-content\/uploads\/2025\/12\/b1-138x300.jpg 138w, https:\/\/cluzman.com\/wp-content\/uploads\/2025\/12\/b1.jpg 497w\" sizes=\"auto, (max-width: 471px) 100vw, 471px\" \/><\/figure>\n\n\n\n<div class=\"wp-block-group is-vertical is-content-justification-left is-layout-flex wp-container-core-group-is-layout-2290e706 wp-block-group-is-layout-flex\">\n<h2 class=\"wp-block-heading has-text-align-left has-contrast-color has-text-color has-superbfont-xsmall-font-size\">beto<\/h2>\n<\/div>\n<\/div>\n<\/div>\n\n\n\n<hr class=\"wp-block-separator has-alpha-channel-opacity\"\/>\n\n\n<div class=\"wp-block-jetpack-contact-form is-style-default is-layout-flex wp-container-jetpack-contact-form-is-layout-2b4208ba wp-block-jetpack-contact-form-is-layout-flex\"><a href=\"https:\/\/cluzman.com\/?page_id=227\" target=\"_blank\" rel=\"noopener noreferrer\">Submit a form.<\/a><\/div><\/div>\n<\/div>\n","protected":false},"excerpt":{"rendered":"<p>A partir de hoy, el viaje debe acelerarse; no por prisa, sino por una urgencia del otro yo que comprende que el tiempo es el \u00fanico recurso que no admite devoluciones. Ser\u00e1n, de ahora en adelante,&nbsp;visitas r\u00e1pidas pero memorables, donde la calidad del asombro pese m\u00e1s que la cantidad de los kil\u00f3metros. Se suelta los [&hellip;]<\/p>\n","protected":false},"author":1,"featured_media":0,"parent":0,"menu_order":0,"comment_status":"closed","ping_status":"closed","template":"","meta":{"footnotes":""},"class_list":["post-227","page","type-page","status-publish","hentry"],"jetpack_sharing_enabled":true,"_links":{"self":[{"href":"https:\/\/cluzman.com\/index.php?rest_route=\/wp\/v2\/pages\/227","targetHints":{"allow":["GET"]}}],"collection":[{"href":"https:\/\/cluzman.com\/index.php?rest_route=\/wp\/v2\/pages"}],"about":[{"href":"https:\/\/cluzman.com\/index.php?rest_route=\/wp\/v2\/types\/page"}],"author":[{"embeddable":true,"href":"https:\/\/cluzman.com\/index.php?rest_route=\/wp\/v2\/users\/1"}],"replies":[{"embeddable":true,"href":"https:\/\/cluzman.com\/index.php?rest_route=%2Fwp%2Fv2%2Fcomments&post=227"}],"version-history":[{"count":2,"href":"https:\/\/cluzman.com\/index.php?rest_route=\/wp\/v2\/pages\/227\/revisions"}],"predecessor-version":[{"id":467,"href":"https:\/\/cluzman.com\/index.php?rest_route=\/wp\/v2\/pages\/227\/revisions\/467"}],"wp:attachment":[{"href":"https:\/\/cluzman.com\/index.php?rest_route=%2Fwp%2Fv2%2Fmedia&parent=227"}],"curies":[{"name":"wp","href":"https:\/\/api.w.org\/{rel}","templated":true}]}}